{"id":5845,"date":"2017-11-28T09:06:58","date_gmt":"2017-11-28T09:06:58","guid":{"rendered":"http:\/\/www.casa-espunyes.com\/tarifes\/"},"modified":"2025-02-19T18:18:08","modified_gmt":"2025-02-19T17:18:08","slug":"tarifes","status":"publish","type":"page","link":"https:\/\/www.casa-espunyes.com\/es\/tarifes\/","title":{"rendered":"Tarifas"},"content":{"rendered":"<p>[vc_row row_content_width=\u00bbgrid\u00bb css=\u00bb.vc_custom_1511861842529{padding-top: 130px !important;padding-bottom: 90px !important;}\u00bb][vc_column]<div class=\"eltd-elements-holder   eltd-one-column  eltd-responsive-mode-768 \" ><div class=\"eltd-eh-item   eltd-horizontal-alignment-center \"  data-item-class=\"eltd-eh-custom-1294\">\n\t<div class=\"eltd-eh-item-inner\">\n\t\t<div class=\"eltd-eh-item-content eltd-eh-custom-1294\" >\n\t\t\t<div class=\"eltd-pricing-tables clearfix eltd-two-columns eltd-medium-space\"><div class=\"eltd-pt-wrapper eltd-outer-space\"><div class=\"eltd-price-table eltd-item-space \">\n\t<div class=\"eltd-pt-inner\" >\n\t\t \t\t\t<div class=\"eltd-pt-image\">\n\t\t\t\t\t\t\t\t\t<img loading=\"lazy\" decoding=\"async\" width=\"422\" height=\"276\" src=\"https:\/\/www.casa-espunyes.com\/wp-content\/uploads\/2019\/06\/cobertdelera.jpg\" class=\"attachment-full size-full\" alt=\"\" srcset=\"https:\/\/www.casa-espunyes.com\/wp-content\/uploads\/2019\/06\/cobertdelera.jpg 422w, https:\/\/www.casa-espunyes.com\/wp-content\/uploads\/2019\/06\/cobertdelera-300x196.jpg 300w\" sizes=\"(max-width: 422px) 100vw, 422px\" \/>\t\t\t\t\t\t\t<\/div>\n\t\t\t\t<ul>\n\t\t\t<li class=\"eltd-pt-title-holder\">\n\t\t\t\t\t<h4 class=\"eltd-pt-title\" >EL COBERT DE L&#039;ERA<\/h4>\n\t\t\t<\/li>\n\t\t\t<li class=\"eltd-pt-content\">\n\t\t\t\t<strong>FIN DE SEMANA<\/strong><br \/>\n640\u20ac (2noches)<\/p>\n<p><strong>SEMENA ENTERA<\/strong><br \/>\n(temporada alta Julio\/Agosto)<br \/>\n2130\u20ac<\/p>\n<p><strong>NOCHE PUENTE<\/strong><br \/>\nA consultar<\/p>\n<p><strong>ENTRE SEMANA<\/strong><br \/>\n<em>minimo 2 noches<\/em><br \/>\n(jueves a viernes)<br \/>\n300\u20ac\/noche<\/p>\n<p>.<\/p>\n<p>Persona Extra: 25\u20ac<br \/>\nMascota: 10\u20ac (m\u00e1ximo 2 por casa)\t\t\t<\/li>\n\t\t\t<li class=\"eltd-pt-prices\">\n\t\t\t\t\t\t\t\t<sup class=\"eltd-pt-value\" style=\"color: #ffffff\">\u00b7<\/sup>\n\t\t\t\t\t\t\t\t                <span class=\"eltd-pt-price\" style=\"color: #ffffff\">\u00b7<\/span>\n\t\t\t\t                \t\t\t<\/li>\n\t\t\t\t\t\t\t<li class=\"eltd-pt-button\">\n\t\t\t\t\t<a itemprop=\"url\" href=\"http:\/\/www.casa-espunyes.com\/es\/hotel-room\/cobert-era-2\/\" target=\"_self\"  class=\"eltd-btn eltd-btn-large eltd-btn-simple eltd-btn-line-center\"  >    <span class=\"eltd-btn-text\">RESERVA<\/span>        <\/a>\t\t\t\t<\/li>\t\t\t\t\n\t\t\t\t\t<\/ul>\n\t<\/div>\n<\/div><div class=\"eltd-price-table eltd-item-space \">\n\t<div class=\"eltd-pt-inner\" >\n\t\t \t\t\t<div class=\"eltd-pt-image\">\n\t\t\t\t\t\t\t\t\t<img loading=\"lazy\" decoding=\"async\" width=\"422\" height=\"276\" src=\"https:\/\/www.casa-espunyes.com\/wp-content\/uploads\/2019\/06\/confort.jpg\" class=\"attachment-full size-full\" alt=\"\" srcset=\"https:\/\/www.casa-espunyes.com\/wp-content\/uploads\/2019\/06\/confort.jpg 422w, https:\/\/www.casa-espunyes.com\/wp-content\/uploads\/2019\/06\/confort-300x196.jpg 300w\" sizes=\"(max-width: 422px) 100vw, 422px\" \/>\t\t\t\t\t\t\t<\/div>\n\t\t\t\t<ul>\n\t\t\t<li class=\"eltd-pt-title-holder\">\n\t\t\t\t\t<h4 class=\"eltd-pt-title\" >ESPUNYES CLASSIC<\/h4>\n\t\t\t<\/li>\n\t\t\t<li class=\"eltd-pt-content\">\n\t\t\t\t<strong>FIN DE SEMANA<\/strong><br \/>\n640\u20ac (2noches)<\/p>\n<p><strong>SEMENA ENTERA<\/strong><br \/>\n(temporada alta Julio\/Agosto)<br \/>\n2130\u20ac<\/p>\n<p><strong>NOCHE PUENTE<\/strong><br \/>\nA consultar<\/p>\n<p><strong>ENTRE SEMANA<\/strong><br \/>\n<em>minimo 2 noches<\/em><br \/>\n(jueves a viernes)<br \/>\n300\u20ac\/noche<\/p>\n<p>.<\/p>\n<p><strong>PRECIO 4\/6 PERSONAS<\/strong><br \/>\nA consultar<\/p>\n<p>Persona Extra: 25\u20ac<br \/>\nMascota: 10\u20ac (m\u00e1ximo 2 por casa)\t\t\t<\/li>\n\t\t\t<li class=\"eltd-pt-prices\">\n\t\t\t\t\t\t\t\t<sup class=\"eltd-pt-value\" style=\"color: #ffffff\">\u00b7<\/sup>\n\t\t\t\t\t\t\t\t                <span class=\"eltd-pt-price\" style=\"color: #ffffff\">\u00b7<\/span>\n\t\t\t\t                \t\t\t<\/li>\n\t\t\t\t\t\t\t<li class=\"eltd-pt-button\">\n\t\t\t\t\t<a itemprop=\"url\" href=\"https:\/\/www.casa-espunyes.com\/hotel-room\/raco-espunyes-2\/\" target=\"_self\"  class=\"eltd-btn eltd-btn-large eltd-btn-simple eltd-btn-line-center\"  >    <span class=\"eltd-btn-text\">RESERVA<\/span>        <\/a>\t\t\t\t<\/li>\t\t\t\t\n\t\t\t\t\t<\/ul>\n\t<\/div>\n<\/div><\/div><\/div>[vc_column_text]<strong>Impuesto sobre la tasa tur\u00edstica no incluido en el precio &gt;<\/strong><br \/>\n* 0,66 \u20ac por persona y d\u00eda, con un l\u00edmite de 7 d\u00edas de estancia por persona. Excepto, personas de edad igual o inferior a 16 a\u00f1os.[\/vc_column_text]\t\t<\/div>\n\t<\/div>\n<\/div><\/div>[\/vc_column][\/vc_row]<\/p>\n","protected":false},"excerpt":{"rendered":"<p>[vc_row row_content_width=\u00bbgrid\u00bb css=\u00bb.vc_custom_1511861842529{padding-top: 130px !important;padding-bottom: 90px !important;}\u00bb][vc_column][\/vc_column][\/vc_row]<\/p>\n","protected":false},"author":1,"featured_media":0,"parent":0,"menu_order":0,"comment_status":"closed","ping_status":"closed","template":"full-width.php","meta":{"footnotes":""},"yst_prominent_words":[],"_links":{"self":[{"href":"https:\/\/www.casa-espunyes.com\/es\/wp-json\/wp\/v2\/pages\/5845"}],"collection":[{"href":"https:\/\/www.casa-espunyes.com\/es\/wp-json\/wp\/v2\/pages"}],"about":[{"href":"https:\/\/www.casa-espunyes.com\/es\/wp-json\/wp\/v2\/types\/page"}],"author":[{"embeddable":true,"href":"https:\/\/www.casa-espunyes.com\/es\/wp-json\/wp\/v2\/users\/1"}],"replies":[{"embeddable":true,"href":"https:\/\/www.casa-espunyes.com\/es\/wp-json\/wp\/v2\/comments?post=5845"}],"version-history":[{"count":10,"href":"https:\/\/www.casa-espunyes.com\/es\/wp-json\/wp\/v2\/pages\/5845\/revisions"}],"predecessor-version":[{"id":6013,"href":"https:\/\/www.casa-espunyes.com\/es\/wp-json\/wp\/v2\/pages\/5845\/revisions\/6013"}],"wp:attachment":[{"href":"https:\/\/www.casa-espunyes.com\/es\/wp-json\/wp\/v2\/media?parent=5845"}],"wp:term":[{"taxonomy":"yst_prominent_words","embeddable":true,"href":"https:\/\/www.casa-espunyes.com\/es\/wp-json\/wp\/v2\/yst_prominent_words?post=5845"}],"curies":[{"name":"wp","href":"https:\/\/api.w.org\/{rel}","templated":true}]}}