{"id":5844,"date":"2018-01-15T11:42:46","date_gmt":"2018-01-15T11:42:46","guid":{"rendered":"http:\/\/www.casa-espunyes.com\/preguntes-frequents\/"},"modified":"2019-07-10T09:48:59","modified_gmt":"2019-07-10T07:48:59","slug":"preguntes-frequents","status":"publish","type":"page","link":"https:\/\/www.casa-espunyes.com\/es\/preguntes-frequents\/","title":{"rendered":"FAQS"},"content":{"rendered":"<p>[vc_row row_content_width=\u00bbgrid\u00bb css=\u00bb.vc_custom_1516016701335{padding-top: 120px !important;padding-bottom: 120px !important;}\u00bb][vc_column]<div class=\"eltd-accordion-holder eltd-ac-default  eltd-accordion eltd-ac-boxed  clearfix\">\n\t<h5 class=\"eltd-accordion-title\">\n    <span class=\"eltd-accordion-mark\">\n\t\t<span class=\"eltd_icon_plus icon_plus\"><\/span>\n\t\t<span class=\"eltd_icon_minus icon_minus-06\"><\/span>\n\t<\/span>\n\t<span class=\"eltd-tab-title\">A qu\u00e9 hora podemos entrar y salir?<\/span>\n<\/h5>\n<div class=\"eltd-accordion-content\">\n\t<div class=\"eltd-accordion-content-inner\">\n\t\t[vc_column_text]Los fines de semana la entrada ser\u00e1 por la tarde a la hora concretada. La salida el domingo ser\u00e1 despu\u00e9s de comer a las 17.00 horas siempre que no haya entrada de clientes el mismo d\u00eda (en este caso, Casa Espunyes lo avisar\u00e1 previamente).<br \/>\nEn las estancias por semanas la entrada ser\u00e1 por la tarde, a partir de las 17.00 horas y la salida por la ma\u00f1ana a las 11.00 horas. Los d\u00edas de entrada y salida ser\u00e1n los concretados dependiendo del alojamiento reservado.[\/vc_column_text]\t<\/div>\n<\/div><h5 class=\"eltd-accordion-title\">\n    <span class=\"eltd-accordion-mark\">\n\t\t<span class=\"eltd_icon_plus icon_plus\"><\/span>\n\t\t<span class=\"eltd_icon_minus icon_minus-06\"><\/span>\n\t<\/span>\n\t<span class=\"eltd-tab-title\">Donde tengo que recoger las llaves?<\/span>\n<\/h5>\n<div class=\"eltd-accordion-content\">\n\t<div class=\"eltd-accordion-content-inner\">\n\t\t[vc_column_text]Una vez concretada la hora de llegada se pueden dirigir directamente a la casa. Un miembro de Casa Espunyes os estaremos esperando.[\/vc_column_text]\t<\/div>\n<\/div><h5 class=\"eltd-accordion-title\">\n    <span class=\"eltd-accordion-mark\">\n\t\t<span class=\"eltd_icon_plus icon_plus\"><\/span>\n\t\t<span class=\"eltd_icon_minus icon_minus-06\"><\/span>\n\t<\/span>\n\t<span class=\"eltd-tab-title\">Se aceptan animales de compa\u00f1\u00eda?<\/span>\n<\/h5>\n<div class=\"eltd-accordion-content\">\n\t<div class=\"eltd-accordion-content-inner\">\n\t\t[vc_column_text]Aceptamos mascotas siempre que se avise previamente. Aceptamos un m\u00e1ximo de 2 por alojamiento con un suplemento de 8 \u20ac por noche y animal de compa\u00f1\u00eda.[\/vc_column_text]\t<\/div>\n<\/div><h5 class=\"eltd-accordion-title\">\n    <span class=\"eltd-accordion-mark\">\n\t\t<span class=\"eltd_icon_plus icon_plus\"><\/span>\n\t\t<span class=\"eltd_icon_minus icon_minus-06\"><\/span>\n\t<\/span>\n\t<span class=\"eltd-tab-title\">Encontraremos le\u00f1a para la chimenea y carb\u00f3n para la barbacoa?<\/span>\n<\/h5>\n<div class=\"eltd-accordion-content\">\n\t<div class=\"eltd-accordion-content-inner\">\n\t\t[vc_column_text]Nosotros dejamos le\u00f1a para pasar el fin de semana incluida ya en el precio y un saco de carb\u00f3n para la barbacoa. Si alguien cree que necesitar\u00e1 m\u00e1s, esto tendr\u00e1 un coste extra de 8 \u20ac el cesto.[\/vc_column_text]\t<\/div>\n<\/div><h5 class=\"eltd-accordion-title\">\n    <span class=\"eltd-accordion-mark\">\n\t\t<span class=\"eltd_icon_plus icon_plus\"><\/span>\n\t\t<span class=\"eltd_icon_minus icon_minus-06\"><\/span>\n\t<\/span>\n\t<span class=\"eltd-tab-title\">En caso de que se tenga que cancelar la reserva que pasa?<\/span>\n<\/h5>\n<div class=\"eltd-accordion-content\">\n\t<div class=\"eltd-accordion-content-inner\">\n\t\t[vc_column_text]Nosotros guardamos la paga y se\u00f1al para una pr\u00f3xima vez, la paga y se\u00f1al no se pierde. No obstante si el cliente quiere la devoluci\u00f3n del importe, se seguir\u00e1 nuestra pol\u00edtica de cancelaci\u00f3n. <em> En cancelaciones de reserva efectuadas en m\u00e1s de 30 d\u00edas antes de la entrada al alojamiento se devolver\u00e1 el 100% de la paga y se\u00f1al. Entre 30 y 15 d\u00edas se devolver\u00e1 el 50% y en menos de 15 d\u00edas no habr\u00e1 devoluci\u00f3n.<\/em>[\/vc_column_text]\t<\/div>\n<\/div><h5 class=\"eltd-accordion-title\">\n    <span class=\"eltd-accordion-mark\">\n\t\t<span class=\"eltd_icon_plus icon_plus\"><\/span>\n\t\t<span class=\"eltd_icon_minus icon_minus-06\"><\/span>\n\t<\/span>\n\t<span class=\"eltd-tab-title\">Pueden venir visitas a pasar 1 d\u00eda?<\/span>\n<\/h5>\n<div class=\"eltd-accordion-content\">\n\t<div class=\"eltd-accordion-content-inner\">\n\t\t[vc_column_text]Pueden venir siempre con previo aviso y siempre que no se supere un n\u00famero de visitas acordado, ya que se debe respetar el espacio y la tranquilidad de los otros hu\u00e9spedes. Para las visitas que hagan uso de las instalaciones (piscina, duchas &#8230;) se cobrar\u00e1 un suplemento de 8 \u20ac.[\/vc_column_text]\t<\/div>\n<\/div><\/div>[\/vc_column][\/vc_row]<\/p>\n","protected":false},"excerpt":{"rendered":"<p>[vc_row row_content_width=\u00bbgrid\u00bb css=\u00bb.vc_custom_1516016701335{padding-top: 120px !important;padding-bottom: 120px !important;}\u00bb][vc_column][\/vc_column][\/vc_row]<\/p>\n","protected":false},"author":1,"featured_media":0,"parent":0,"menu_order":0,"comment_status":"closed","ping_status":"closed","template":"full-width.php","meta":{"footnotes":""},"yst_prominent_words":[],"_links":{"self":[{"href":"https:\/\/www.casa-espunyes.com\/es\/wp-json\/wp\/v2\/pages\/5844"}],"collection":[{"href":"https:\/\/www.casa-espunyes.com\/es\/wp-json\/wp\/v2\/pages"}],"about":[{"href":"https:\/\/www.casa-espunyes.com\/es\/wp-json\/wp\/v2\/types\/page"}],"author":[{"embeddable":true,"href":"https:\/\/www.casa-espunyes.com\/es\/wp-json\/wp\/v2\/users\/1"}],"replies":[{"embeddable":true,"href":"https:\/\/www.casa-espunyes.com\/es\/wp-json\/wp\/v2\/comments?post=5844"}],"version-history":[{"count":2,"href":"https:\/\/www.casa-espunyes.com\/es\/wp-json\/wp\/v2\/pages\/5844\/revisions"}],"predecessor-version":[{"id":5853,"href":"https:\/\/www.casa-espunyes.com\/es\/wp-json\/wp\/v2\/pages\/5844\/revisions\/5853"}],"wp:attachment":[{"href":"https:\/\/www.casa-espunyes.com\/es\/wp-json\/wp\/v2\/media?parent=5844"}],"wp:term":[{"taxonomy":"yst_prominent_words","embeddable":true,"href":"https:\/\/www.casa-espunyes.com\/es\/wp-json\/wp\/v2\/yst_prominent_words?post=5844"}],"curies":[{"name":"wp","href":"https:\/\/api.w.org\/{rel}","templated":true}]}}